{"id":3413,"date":"2020-04-14T08:05:54","date_gmt":"2020-04-14T08:05:54","guid":{"rendered":"http:\/\/www.masquecuentos3.masquecuentos.es\/?page_id=3413"},"modified":"2025-05-22T12:40:32","modified_gmt":"2025-05-22T12:40:32","slug":"quienessomos","status":"publish","type":"page","link":"https:\/\/masquecuentos.es\/wordpress\/quienessomos\/","title":{"rendered":"Qui\u00e9nes somos"},"content":{"rendered":"<p>La Asociaci\u00f3n Cultural M\u00e1squecuentos (MQC) naci\u00f3 en 2015 con el objetivo fundamental de fomentar la escritura creativa y la lectura. Desde entonces, ha puesto en marcha iniciativas culturales y concursos literarios para incentivar a creadores de todo el mundo a que muestren su talento escribiendo o realizando trabajos audiovisuales sobre distintos temas como la impresi\u00f3n en 3D y el olivar y el aceite de oliva.<\/p>\n<p>De esos cert\u00e1menes han surgido hasta ahora tres libros y tambi\u00e9n el cortometraje &#8216;Love AOVE&#8217;, pero MQC ha pretendido ir mucho m\u00e1s all\u00e1 y ser un espacio interactivo, donde los internautas tienen voz y voto. De hecho, en los 4 premios que hemos convocado el p\u00fablico ha podido conceder algunos de los galardones otorgados.<\/p>\n<p>En estos \u00faltimos tiempos hemos querido ampliar nuestras miras y no limitarnos a trabajar el g\u00e9nero del relato corto. Por eso hemos coeditado nuestra primera novela, \u00abMujeres en la tormenta\u00bb, de la autora argentina Laura Mayo, y estamos abiertos a incrementar el n\u00famero de obras publicadas, igual que nos vamos a implicar en el mundo del cine a trav\u00e9s de la promoci\u00f3n de la pel\u00edcula \u00abMandylion\u00bb, del director Luisje Moyano.<\/p>\n<p>Tenemos muchos m\u00e1s proyectos, todos relacionados con el mundo de la creaci\u00f3n, para lo cual son imprescindibles nuestros patrocinadores habituales: Ifeja Ferias Ja\u00e9n, la empresa Sicnova, la Fundaci\u00f3n Unicaja Ja\u00e9n, la Diputaci\u00f3n de Ja\u00e9n, la SCA San Vicente de Mog\u00f3n y su AOVE Puerta de las Villas, Gr\u00e1ficas La Paz, las empresas Elaia Zait y Love AOVE, el Centro de Interpretaci\u00f3n del Olivar y el Aceite, Peraber Asesores y, por supuesto, la editorial L\u00edberman.<\/p>\n<p>El apoyo de todas estas entidades nos ha permitido cumplir nuestro sue\u00f1o y hacer\u00a0honor a nuestro nombre, M\u00e1squecuentos, porque somos mucho m\u00e1s que una asociaci\u00f3n cultural que centra su actividad en el mundo del cuento y el relato. Aqu\u00ed tienen cabida todas las personas interesadas en el mundo de la creaci\u00f3n en general. As\u00ed que, \u00a1bienvenidos!<\/p>\n","protected":false},"excerpt":{"rendered":"<p>La Asociaci\u00f3n Cultural M\u00e1squecuentos (MQC) naci\u00f3 en 2015 con el objetivo fundamental de fomentar la escritura creativa y la lectura. Desde entonces, ha puesto en marcha iniciativas culturales y concursos literarios para incentivar a creadores de todo el mundo a que muestren su talento escribiendo o realizando trabajos audiovisuales sobre distintos temas como la impresi\u00f3n &#8230; <\/p>\n<p class=\"read-more-container\"><a title=\"Qui\u00e9nes somos\" class=\"read-more button\" href=\"https:\/\/masquecuentos.es\/wordpress\/quienessomos\/#more-3413\">Ver m\u00e1s<span class=\"screen-reader-text\">Qui\u00e9nes somos<\/span><\/a><\/p>\n","protected":false},"author":8,"featured_media":0,"parent":0,"menu_order":0,"comment_status":"closed","ping_status":"closed","template":"","meta":{"footnotes":""},"class_list":["post-3413","page","type-page","status-publish"],"_links":{"self":[{"href":"https:\/\/masquecuentos.es\/wordpress\/wp-json\/wp\/v2\/pages\/3413","targetHints":{"allow":["GET"]}}],"collection":[{"href":"https:\/\/masquecuentos.es\/wordpress\/wp-json\/wp\/v2\/pages"}],"about":[{"href":"https:\/\/masquecuentos.es\/wordpress\/wp-json\/wp\/v2\/types\/page"}],"author":[{"embeddable":true,"href":"https:\/\/masquecuentos.es\/wordpress\/wp-json\/wp\/v2\/users\/8"}],"replies":[{"embeddable":true,"href":"https:\/\/masquecuentos.es\/wordpress\/wp-json\/wp\/v2\/comments?post=3413"}],"version-history":[{"count":1,"href":"https:\/\/masquecuentos.es\/wordpress\/wp-json\/wp\/v2\/pages\/3413\/revisions"}],"predecessor-version":[{"id":8194,"href":"https:\/\/masquecuentos.es\/wordpress\/wp-json\/wp\/v2\/pages\/3413\/revisions\/8194"}],"wp:attachment":[{"href":"https:\/\/masquecuentos.es\/wordpress\/wp-json\/wp\/v2\/media?parent=3413"}],"curies":[{"name":"wp","href":"https:\/\/api.w.org\/{rel}","templated":true}]}}