{"id":1860,"date":"2017-10-23T19:02:10","date_gmt":"2017-10-23T19:02:10","guid":{"rendered":"http:\/\/52.57.7.152\/masquecuentos2\/?page_id=1860"},"modified":"2025-06-05T06:47:59","modified_gmt":"2025-06-05T06:47:59","slug":"basesdelpremio","status":"publish","type":"page","link":"https:\/\/masquecuentos.es\/wordpress\/basesdelpremio\/","title":{"rendered":"Bases del premio"},"content":{"rendered":"<p><strong>Bases VIII Premio Internacional de Relatos sobre Olivar, Aceite de Oliva y Oleoturismo<\/strong><\/p>\n<p><strong style=\"font-size: inherit; background-color: initial;\">1. PARTICIPANTES<\/strong><\/p>\n<p>Podr\u00e1n participar en el VIII Premio Internacional de Relatos sobre Olivar, Aceite de Oliva y Oleoturismo, que convoca Ferias Ja\u00e9n (Ifeja) y organiza la Asociaci\u00f3n Cultural M\u00e1squecuentos (MQC), autores de cualquier nacionalidad que presenten un relato o microrrelato (uno por categor\u00eda como m\u00e1ximo), que deber\u00e1 ser original e in\u00e9dito y no estar pendiente de fallo en otro certamen ni a la espera de respuesta en un proceso editorial. Los escritores que en ediciones previas hayan obtenido el primer premio en cualquiera de las categor\u00edas establecidas no podr\u00e1n volver a ganar el mismo galard\u00f3n, aunque s\u00ed tendr\u00e1n la oportunidad de aspirar al resto de premios convocados.<\/p>\n<p><strong>2. TEM\u00c1TICA<\/strong><\/p>\n<p>Los trabajos deber\u00e1n hacer alusi\u00f3n obligatoriamente al olivar, el aceite de oliva, el oleoturismo o alguno de los aspectos vinculados a la Cultura del Olivar. El jurado valorar\u00e1 expresamente la relaci\u00f3n de los relatos cortos y los microrrelatos con el tema del concurso, adem\u00e1s de la ortograf\u00eda, calidad literaria, originalidad del enfoque y su solidez en la construcci\u00f3n de la historia.<\/p>\n<p><strong>3.REQUISITOS<\/strong><\/p>\n<p>Las obras habr\u00e1n de presentarse en espa\u00f1ol, en formato Word, letra Times New Roman, cuerpo 12, a doble espacio. Su extensi\u00f3n deber\u00e1 oscilar entre:<\/p>\n<ul>\n<li>Categor\u00eda relato corto: 1.500 y 3.000 palabras<\/li>\n<li>Categor\u00eda microrrelato: 100 y 200 palabras<\/li>\n<\/ul>\n<p>Cada autor decidir\u00e1 si la obra publicada en el portal web de M\u00e1squecuentos aparecer\u00e1 bajo seud\u00f3nimo o con su nombre real.<\/p>\n<p><strong>4. ENV\u00cdOS<\/strong><\/p>\n<p>Los textos se enviar\u00e1n accediendo al formulario que se puede encontrar en el portal\u00a0<a href=\"https:\/\/masquecuentos.es\/wordpress\/wordpress\/\">www.masquecuentos.es<\/a>, donde adem\u00e1s se incluir\u00e1n los datos personales del autor, el t\u00edtulo del relato, un breve resumen de la historia (entre 50 y 100 palabras en el caso de los relatos y hasta 50 palabras para los microrrelatos) y una imagen alusiva al mismo (cada participante deber\u00e1 responder de los derechos de la imagen, que puede ser una fotograf\u00eda, dibujo, ilustraci\u00f3n, la reproducci\u00f3n de un cuadro\u2026, que acompa\u00f1e su relato).<\/p>\n<p><strong>5. FECHA L\u00cdMITE<\/strong><\/p>\n<p>El plazo de admisi\u00f3n de originales permanecer\u00e1 abierto hasta las 14.00 horas (hora de Espa\u00f1a GMT+2) del 30 de septiembre de 2025.<\/p>\n<p><strong>6. PUBLICACI\u00d3N DE LAS OBRAS<\/strong><\/p>\n<p>Los organizadores del concurso comprobar\u00e1n que las obras presentadas cumplen los requisitos exigidos para participar en este premio y que en su elaboraci\u00f3n no se ha utilizado la inteligencia artificial, en cuyo caso esos textos ser\u00e1n descalificados. Adem\u00e1s, la organizaci\u00f3n se reserva el derecho de no admitir cuentos que, a su juicio, no alcancen una m\u00ednima calidad literaria o no se atengan a la tem\u00e1tica del concurso. De igual forma, los concursantes estar\u00e1n obligados a cambiar el t\u00edtulo de sus relatos si previamente ya los ha usado otro autor en esta edici\u00f3n. Los trabajos aceptados se publicar\u00e1n en el portal de MQC y en las redes sociales de la entidad, donde cualquier usuario tendr\u00e1 la oportunidad de leerlos, compartirlos y comentarlos. No se mantendr\u00e1 correspondencia con los participantes sobre los motivos de la admisi\u00f3n o no de los textos remitidos al certamen.<\/p>\n<p><strong>7.DESARROLLO DEL CONCURSO<\/strong><\/p>\n<p>Tras la conclusi\u00f3n del plazo de presentaci\u00f3n de obras, y una vez que todas las aceptadas est\u00e9n publicadas en la web\u00a0<a href=\"https:\/\/masquecuentos.es\/wordpress\/wordpress\">www.masquecuentos.es<\/a>, un Comit\u00e9 de Lectura \u2013cuyos miembros determinar\u00e1 la Asociaci\u00f3n Cultural M\u00e1squecuentos\u2013 seleccionar\u00e1 los 15 textos que considere de mayor calidad literaria en las dos categor\u00edas establecidas. Estas historias pasar\u00e1n a la final del concurso junto a los 10 cuentos que resulten m\u00e1s votados por los internautas en la p\u00e1gina web de MQC (el periodo de esta votaci\u00f3n se prolongar\u00e1 durante 15 d\u00edas y las personas interesadas en participar deber\u00e1n acceder a este portal y elegir con sus votos los mejores entre los presentados).<\/p>\n<p>De esos 40 finalistas, el jurado del concurso conceder\u00e1 4 galardones, entre los que se repartir\u00e1n un total de 2.250 euros en premios. Adem\u00e1s, se otorgar\u00e1 un premio especial de 300 euros al texto que mejor promocione la Cultura del Olivar y se pueda convertir en un cortometraje, y otro galard\u00f3n de 200 euros a la mejor imagen presentada a concurso que no haya sido realizada utilizando la inteligencia artificial. Por \u00faltimo, los 2 relatos que m\u00e1s apoyo obtengan en la votaci\u00f3n popular recibir\u00e1n 400 y 200 euros, respectivamente.<\/p>\n<p><strong>8. JURADO<\/strong><\/p>\n<p>El jurado del certamen estar\u00e1 presidido por el escritor Salvador Comp\u00e1n e integrado por el gerente de la editorial Madara, Jos\u00e9 Madero; los ganadores del premio del jurado de la anterior edici\u00f3n, Juan Antonio Caro y Ra\u00fal Clavero; y el director territorial de CSRTV en Ja\u00e9n, Lorenzo Canales, o la persona en quien delegue.<\/p>\n<p><strong>9. PREMIOS<\/strong><\/p>\n<p>El Premio Internacional de Relatos sobre Olivar, Aceite de Oliva y Oleoturismo establece 9 galardones, cinco concedidos por el jurado del concurso, otros dos m\u00e1s por la organizaci\u00f3n y dos m\u00e1s por el p\u00fablico. En total, se repartir\u00e1n 3.350 euros, repartidos de la siguiente forma:<\/p>\n<p><strong>PREMIOS DEL JURADO<\/strong><\/p>\n<p><u>Categor\u00eda relato<\/u><\/p>\n<p>1\u00ba Premio: 1.000 euros<\/p>\n<p>2\u00ba Premio: 500 euros<\/p>\n<p><u>Categor\u00eda microrrelato<\/u><\/p>\n<p>1\u00ba Premio: 500 euros<\/p>\n<p>2\u00ba Premio: 250 euros<\/p>\n<p><strong>PREMIOS DE LA ORGANIZACI\u00d3N<\/strong><\/p>\n<p>&#8211; Premio promoci\u00f3n AOVE: 300 euros<\/p>\n<p>Concedido al relato que mejor promocione alguna\/s de las m\u00faltiples bondades del aceite de oliva y el olivar y que, a la vez, ofrezca mayores opciones de cara a convertirse en un guion a partir del que se pudiera rodar un cortometraje. En la decisi\u00f3n para entregar este galard\u00f3n intervendr\u00e1n responsables de la IGP Aceite de Ja\u00e9n y el director de cine Luisje Moyano.<\/p>\n<p>&#8211; Premio mejor imagen: 200 euros<\/p>\n<p>Otorgado a la mejor ilustraci\u00f3n, dibujo, fotograf\u00eda o cualquiera de las im\u00e1genes que acompa\u00f1en a los cuentos presentados. En el fallo de este reconocimiento intervendr\u00e1n miembros de la organizaci\u00f3n y la dise\u00f1adora e ilustradora Elena Y\u00e1\u00f1ez. La imagen ganadora ser\u00e1 utilizada para inspirar la portada del libro que se editar\u00e1 con los textos ganadores y finalistas de la octava edici\u00f3n de este certamen literario.<\/p>\n<p><strong>PREMIOS DEL P\u00daBLICO<\/strong><\/p>\n<p>1\u00ba Premio: 400 euros<\/p>\n<p>2\u00ba Premio: 200 euros<\/p>\n<p>A los distintos premios en met\u00e1lico se les aplicar\u00e1n las retenciones fiscales previstas por la legislaci\u00f3n vigente en Espa\u00f1a. Por otra parte, los ganadores podr\u00e1n disfrutar de una experiencia de oleoturismo en la provincia de Ja\u00e9n, que se desarrollar\u00e1 en el Centro del Olivar y el Aceite de Oliva de \u00dabeda coincidiendo con la fecha del acto de entrega de los distintos galardones, y tambi\u00e9n participar\u00e1n en una degustaci\u00f3n de productos con el sello Degusta Ja\u00e9n de la Diputaci\u00f3n Provincial jiennense.<\/p>\n<p>Las entidades convocantes del premio, con la colaboraci\u00f3n de la editorial Madara, publicar\u00e1n un libro con los relatos finalistas. Cada uno de los autores incluidos en esta edici\u00f3n especial recibir\u00e1 un ejemplar de cortes\u00eda de la obra.<\/p>\n<p><strong>PREMIO RTVA<\/strong><\/p>\n<p>Junto a estos galardones, al mejor cuento escrito por un autor nacido o residente en Andaluc\u00eda se le conceder\u00e1 un reconocimiento por parte de la RTVA. El texto se grabar\u00e1 para emitirlo en el programa \u201cEntre olivos\u201d de Canal Sur Radio. En este mismo espacio radiof\u00f3nico se emitir\u00e1n tambi\u00e9n los ganadores del primer y segundo premio de la categor\u00eda de microrrelato.<\/p>\n<p>El reconocimiento de la RTVA se otorgar\u00e1 en el transcurso de la ceremonia de entrega de premios que organicen los convocantes del concurso literario.<\/p>\n<p><strong>10. REGALOS<\/strong><\/p>\n<p>A todos los internautas que con sus votos contribuyan a elegir a los ganadores de los premios del p\u00fablico en el VIII Premio Internacional de Relato sobre Olivar, Aceite de Oliva y Oleoturismo, se les asignar\u00e1 un n\u00famero por orden de votaci\u00f3n. Al t\u00e9rmino del concurso participar\u00e1n con dicho n\u00famero en diferentes sorteos en los que podr\u00e1n ganar distintos productos relacionados con el sector del aceite de oliva.<\/p>\n<p>Los autores que presenten sus obras al certamen tambi\u00e9n participar\u00e1n en sorteos de regalos ofrecidos por los patrocinadores del concurso.<\/p>\n<p>La organizaci\u00f3n decidir\u00e1 c\u00f3mo y a trav\u00e9s de qu\u00e9 medios se realizar\u00e1n los sorteos, cuyas condiciones se comunicar\u00e1n por medio de las redes sociales de MQC con la suficiente antelaci\u00f3n.<\/p>\n<p><strong>11. CONTACTO<\/strong><\/p>\n<p>Los autores que tomen parte en el concurso conceden permiso expreso para que sus datos personales pasen a formar parte de un fichero inform\u00e1tico propiedad de la Asociaci\u00f3n Cultural M\u00e1squecuentos, que ser\u00e1 utilizado exclusivamente a efectos de realizar las actuaciones derivadas de la participaci\u00f3n en esta u otras convocatorias literarias de MQC.<\/p>\n<p>Los creadores seguir\u00e1n manteniendo la propiedad intelectual de sus obras. En el caso de los textos galardonados, se incluir\u00e1n obligatoriamente en el libro que se publicar\u00e1 con los mejores relatos presentados. Al respecto, los organizadores del certamen contactar\u00e1n con los participantes premiados para acordar las futuras actividades que pudiera llevar a cabo MQC derivadas de su participaci\u00f3n en este concurso.<\/p>\n<p><strong>12. INCIDENCIAS<\/strong><\/p>\n<p>La presentaci\u00f3n de relatos a este premio literario conlleva la total aceptaci\u00f3n de estas bases. Las incidencias que puedan surgir durante la celebraci\u00f3n del certamen ser\u00e1n resueltas por la organizaci\u00f3n, sin que los concursantes tengan derecho a ning\u00fan tipo de reclamaci\u00f3n.<\/p>\n","protected":false},"excerpt":{"rendered":"<p>Bases VIII Premio Internacional de Relatos sobre Olivar, Aceite de Oliva y Oleoturismo 1. PARTICIPANTES Podr\u00e1n participar en el VIII Premio Internacional de Relatos sobre Olivar, Aceite de Oliva y Oleoturismo, que convoca Ferias Ja\u00e9n (Ifeja) y organiza la Asociaci\u00f3n Cultural M\u00e1squecuentos (MQC), autores de cualquier nacionalidad que presenten un relato o microrrelato (uno por &#8230; <\/p>\n<p class=\"read-more-container\"><a title=\"Bases del premio\" class=\"read-more button\" href=\"https:\/\/masquecuentos.es\/wordpress\/basesdelpremio\/#more-1860\">Ver m\u00e1s<span class=\"screen-reader-text\">Bases del premio<\/span><\/a><\/p>\n","protected":false},"author":4,"featured_media":0,"parent":0,"menu_order":0,"comment_status":"closed","ping_status":"closed","template":"","meta":{"footnotes":""},"class_list":["post-1860","page","type-page","status-publish"],"_links":{"self":[{"href":"https:\/\/masquecuentos.es\/wordpress\/wp-json\/wp\/v2\/pages\/1860","targetHints":{"allow":["GET"]}}],"collection":[{"href":"https:\/\/masquecuentos.es\/wordpress\/wp-json\/wp\/v2\/pages"}],"about":[{"href":"https:\/\/masquecuentos.es\/wordpress\/wp-json\/wp\/v2\/types\/page"}],"author":[{"embeddable":true,"href":"https:\/\/masquecuentos.es\/wordpress\/wp-json\/wp\/v2\/users\/4"}],"replies":[{"embeddable":true,"href":"https:\/\/masquecuentos.es\/wordpress\/wp-json\/wp\/v2\/comments?post=1860"}],"version-history":[{"count":5,"href":"https:\/\/masquecuentos.es\/wordpress\/wp-json\/wp\/v2\/pages\/1860\/revisions"}],"predecessor-version":[{"id":8216,"href":"https:\/\/masquecuentos.es\/wordpress\/wp-json\/wp\/v2\/pages\/1860\/revisions\/8216"}],"wp:attachment":[{"href":"https:\/\/masquecuentos.es\/wordpress\/wp-json\/wp\/v2\/media?parent=1860"}],"curies":[{"name":"wp","href":"https:\/\/api.w.org\/{rel}","templated":true}]}}